{"id":73,"date":"2013-05-09T16:23:53","date_gmt":"2013-05-09T16:23:53","guid":{"rendered":"http:\/\/campingparasol.ca\/reservations-2\/"},"modified":"2022-02-22T21:11:53","modified_gmt":"2022-02-23T02:11:53","slug":"reservations","status":"publish","type":"page","link":"https:\/\/www.campingparasol.ca\/fr\/reservations\/","title":{"rendered":"Reservations"},"content":{"rendered":"<h1>R\u00e9servations<\/h1>\n<p>Pour faire vos r\u00e9servations, faites-nous parvenir un courriel ou t\u00e9l\u00e9phonez-nous. Il nous fera plaisir de discuter avec vous pour vous r\u00e9server un site qui convient \u00e0 vos besoins.<\/p>\n<p><i class=\"icon-envelope\"><\/i>\u00a0\u00a0Email: <a class=\"docs-creator\" href=\"mailto:campingparasol@gmail.com\">campingparasol@gmail.com<\/a><br \/>\n<i class=\"icon-phone\"><\/i>\u00a0\u00a0Tel: (506) 532-8229<br \/>\n<i class=\"icon-globe\"><\/i>\u00a0\u00a0<a class=\"docs-creator\" title=\"Camping Parasol, Shediac NB\" href=\"www.campingparasol.ca\">www.campingparasol.ca<\/a><\/p>\n<p><strong>Camping Parasol<\/strong><br \/>\n205 Main Street<br \/>\nShediac, NB E4P 2A5<\/p>\n","protected":false},"excerpt":{"rendered":"<p>R\u00e9servations Pour faire vos r\u00e9servations, faites-nous parvenir un courriel ou t\u00e9l\u00e9phonez-nous. Il nous fera plaisir de discuter avec vous pour vous r\u00e9server un site qui convient \u00e0 vos besoins. \u00a0\u00a0Email: campingparasol@gmail.com \u00a0\u00a0Tel: (506) 532-8229 \u00a0\u00a0www.campingparasol.ca Camping Parasol 205 Main Street Shediac, NB E4P 2A5<\/p>\n","protected":false},"author":1,"featured_media":0,"parent":0,"menu_order":0,"comment_status":"closed","ping_status":"open","template":"","meta":{"footnotes":""},"class_list":["post-73","page","type-page","status-publish","hentry"],"yoast_head":"<!-- This site is optimized with the Yoast SEO plugin v27.5 - https:\/\/yoast.com\/product\/yoast-seo-wordpress\/ -->\n<title>Reservations - Camping Parasol<\/title>\n<meta name=\"robots\" content=\"index, follow, max-snippet:-1, max-image-preview:large, max-video-preview:-1\" \/>\n<link rel=\"canonical\" href=\"https:\/\/www.campingparasol.ca\/fr\/reservations\/\" \/>\n<meta property=\"og:locale\" content=\"fr_FR\" \/>\n<meta property=\"og:type\" content=\"article\" \/>\n<meta property=\"og:title\" content=\"Reservations - Camping Parasol\" \/>\n<meta property=\"og:description\" content=\"R\u00e9servations Pour faire vos r\u00e9servations, faites-nous parvenir un courriel ou t\u00e9l\u00e9phonez-nous. Il nous fera plaisir de discuter avec vous pour vous r\u00e9server un site qui convient \u00e0 vos besoins. \u00a0\u00a0Email: campingparasol@gmail.com \u00a0\u00a0Tel: (506) 532-8229 \u00a0\u00a0www.campingparasol.ca Camping Parasol 205 Main Street Shediac, NB E4P 2A5\" \/>\n<meta property=\"og:url\" content=\"https:\/\/www.campingparasol.ca\/fr\/reservations\/\" \/>\n<meta property=\"og:site_name\" content=\"Camping Parasol\" \/>\n<meta property=\"article:modified_time\" content=\"2022-02-23T02:11:53+00:00\" \/>\n<meta name=\"twitter:label1\" content=\"Dur\u00e9e de lecture estim\u00e9e\" \/>\n\t<meta name=\"twitter:data1\" content=\"1 minute\" \/>\n<script type=\"application\/ld+json\" class=\"yoast-schema-graph\">{\"@context\":\"https:\\\/\\\/schema.org\",\"@graph\":[{\"@type\":\"WebPage\",\"@id\":\"https:\\\/\\\/www.campingparasol.ca\\\/fr\\\/reservations\\\/\",\"url\":\"https:\\\/\\\/www.campingparasol.ca\\\/fr\\\/reservations\\\/\",\"name\":\"Reservations - Camping Parasol\",\"isPartOf\":{\"@id\":\"https:\\\/\\\/www.campingparasol.ca\\\/#website\"},\"datePublished\":\"2013-05-09T16:23:53+00:00\",\"dateModified\":\"2022-02-23T02:11:53+00:00\",\"inLanguage\":\"fr-FR\",\"potentialAction\":[{\"@type\":\"ReadAction\",\"target\":[\"https:\\\/\\\/www.campingparasol.ca\\\/fr\\\/reservations\\\/\"]}]},{\"@type\":\"WebSite\",\"@id\":\"https:\\\/\\\/www.campingparasol.ca\\\/#website\",\"url\":\"https:\\\/\\\/www.campingparasol.ca\\\/\",\"name\":\"Camping Parasol\",\"description\":\"Un accueil amical vous attend \u00e0 Shediac\",\"potentialAction\":[{\"@type\":\"SearchAction\",\"target\":{\"@type\":\"EntryPoint\",\"urlTemplate\":\"https:\\\/\\\/www.campingparasol.ca\\\/?s={search_term_string}\"},\"query-input\":{\"@type\":\"PropertyValueSpecification\",\"valueRequired\":true,\"valueName\":\"search_term_string\"}}],\"inLanguage\":\"fr-FR\"}]}<\/script>\n<!-- \/ Yoast SEO plugin. -->","yoast_head_json":{"title":"Reservations - Camping Parasol","robots":{"index":"index","follow":"follow","max-snippet":"max-snippet:-1","max-image-preview":"max-image-preview:large","max-video-preview":"max-video-preview:-1"},"canonical":"https:\/\/www.campingparasol.ca\/fr\/reservations\/","og_locale":"fr_FR","og_type":"article","og_title":"Reservations - Camping Parasol","og_description":"R\u00e9servations Pour faire vos r\u00e9servations, faites-nous parvenir un courriel ou t\u00e9l\u00e9phonez-nous. Il nous fera plaisir de discuter avec vous pour vous r\u00e9server un site qui convient \u00e0 vos besoins. \u00a0\u00a0Email: campingparasol@gmail.com \u00a0\u00a0Tel: (506) 532-8229 \u00a0\u00a0www.campingparasol.ca Camping Parasol 205 Main Street Shediac, NB E4P 2A5","og_url":"https:\/\/www.campingparasol.ca\/fr\/reservations\/","og_site_name":"Camping Parasol","article_modified_time":"2022-02-23T02:11:53+00:00","twitter_misc":{"Dur\u00e9e de lecture estim\u00e9e":"1 minute"},"schema":{"@context":"https:\/\/schema.org","@graph":[{"@type":"WebPage","@id":"https:\/\/www.campingparasol.ca\/fr\/reservations\/","url":"https:\/\/www.campingparasol.ca\/fr\/reservations\/","name":"Reservations - Camping Parasol","isPartOf":{"@id":"https:\/\/www.campingparasol.ca\/#website"},"datePublished":"2013-05-09T16:23:53+00:00","dateModified":"2022-02-23T02:11:53+00:00","inLanguage":"fr-FR","potentialAction":[{"@type":"ReadAction","target":["https:\/\/www.campingparasol.ca\/fr\/reservations\/"]}]},{"@type":"WebSite","@id":"https:\/\/www.campingparasol.ca\/#website","url":"https:\/\/www.campingparasol.ca\/","name":"Camping Parasol","description":"Un accueil amical vous attend \u00e0 Shediac","potentialAction":[{"@type":"SearchAction","target":{"@type":"EntryPoint","urlTemplate":"https:\/\/www.campingparasol.ca\/?s={search_term_string}"},"query-input":{"@type":"PropertyValueSpecification","valueRequired":true,"valueName":"search_term_string"}}],"inLanguage":"fr-FR"}]}},"_links":{"self":[{"href":"https:\/\/www.campingparasol.ca\/fr\/wp-json\/wp\/v2\/pages\/73","targetHints":{"allow":["GET"]}}],"collection":[{"href":"https:\/\/www.campingparasol.ca\/fr\/wp-json\/wp\/v2\/pages"}],"about":[{"href":"https:\/\/www.campingparasol.ca\/fr\/wp-json\/wp\/v2\/types\/page"}],"author":[{"embeddable":true,"href":"https:\/\/www.campingparasol.ca\/fr\/wp-json\/wp\/v2\/users\/1"}],"replies":[{"embeddable":true,"href":"https:\/\/www.campingparasol.ca\/fr\/wp-json\/wp\/v2\/comments?post=73"}],"version-history":[{"count":5,"href":"https:\/\/www.campingparasol.ca\/fr\/wp-json\/wp\/v2\/pages\/73\/revisions"}],"predecessor-version":[{"id":382,"href":"https:\/\/www.campingparasol.ca\/fr\/wp-json\/wp\/v2\/pages\/73\/revisions\/382"}],"wp:attachment":[{"href":"https:\/\/www.campingparasol.ca\/fr\/wp-json\/wp\/v2\/media?parent=73"}],"curies":[{"name":"wp","href":"https:\/\/api.w.org\/{rel}","templated":true}]}}