{"id":46,"date":"2013-05-09T18:49:42","date_gmt":"2013-05-09T18:49:42","guid":{"rendered":"http:\/\/campingparasol.ca\/?page_id=46"},"modified":"2019-02-28T22:43:20","modified_gmt":"2019-03-01T03:43:20","slug":"camping-parasol-shediac","status":"publish","type":"page","link":"https:\/\/www.campingparasol.ca\/fr\/camping-parasol-shediac\/","title":{"rendered":"Location"},"content":{"rendered":"<h1>Camping Parasol, Shediac N.-B. &#8211; Comment s&rsquo;y rendre<\/h1>\n<p><a href=\"https:\/\/www.campingparasol.ca\/wp-content\/uploads\/2013\/05\/Image-12.jpg\"><img loading=\"lazy\" decoding=\"async\" class=\"alignright size-medium wp-image-245\" src=\"https:\/\/www.campingparasol.ca\/wp-content\/uploads\/2013\/05\/Image-12-300x225.jpg\" alt=\"Homard, Shediac\" width=\"300\" height=\"225\" srcset=\"https:\/\/www.campingparasol.ca\/wp-content\/uploads\/2013\/05\/Image-12-300x225.jpg 300w, https:\/\/www.campingparasol.ca\/wp-content\/uploads\/2013\/05\/Image-12-1024x768.jpg 1024w, https:\/\/www.campingparasol.ca\/wp-content\/uploads\/2013\/05\/Image-12-624x468.jpg 624w, https:\/\/www.campingparasol.ca\/wp-content\/uploads\/2013\/05\/Image-12.jpg 1060w\" sizes=\"auto, (max-width: 300px) 100vw, 300px\" \/><\/a>Situ\u00e9 \u00e0 cinq minutes \u00e0 pied du centre-ville, notre&nbsp;emplacement pratique vous donne acc\u00e8s \u00e0 plusieurs boutiques, restaurants, \u00e9piceries et quincailleries, ainsi qu&rsquo;\u00e0 une piste cyclable qui m\u00e8ne jusqu&rsquo;\u00e0 la fameuse plage Parlee.<\/p>\n<p>\u00c0 proximit\u00e9 du camping se trouve \u00e9galement le centre d&rsquo;information aux visiteurs et la sculpture du plus gros homard au monde. Nous sommes \u00e0 10 minutes en voiture de la plage Parlee, 20 minutes en juillet.<span style=\"color: #ff0000;\"><br \/>\n<\/span><\/p>\n<p><strong>Camping Parasol<\/strong><br \/>\n205 rue Main<br \/>\n<strong>Shediac<\/strong>, N.-B.<br \/>\nE4P 2A5<\/p>\n<p><strong>T\u00e9l<\/strong>:&nbsp;(506) 532-8229<br \/>\n<strong>Courriel<\/strong>:&nbsp;<a href=\"mailto:campingparasol@live.ca\">campingparasol@live.ca<\/a><br \/>\n<strong>Web<\/strong>:&nbsp;<a title=\"Camping Parasol, Shediac NB\" href=\"www.campingparasol.ca\">www.campingparasol.ca<\/a><\/p>\n<p><strong>GPS<\/strong>: Lat 46.2186 , Long. -64.5598<\/p>\n<p><iframe loading=\"lazy\" src=\"https:\/\/www.google.com\/maps\/embed?pb=!1m14!1m8!1m3!1d22084.94020594991!2d-64.57306403290555!3d46.2180630811834!3m2!1i1024!2i768!4f13.1!3m3!1m2!1s0x0%3A0x4c1ad1fd0d3e4602!2sCamping+Parasol!5e0!3m2!1sen!2sca!4v1551411588886\" width=\"600\" height=\"450\" frameborder=\"0\" style=\"border:0\" allowfullscreen=\"\"><\/iframe><br \/>\n<!--[codepeople-post-map width=\"100%\" height=\"500\"]\n\n--><\/p>\n<h2>Indications routi\u00e8res<\/h2>\n<p><strong>\u00c0 partir de la route 11 direction Sud<\/strong> &#8211; Prenez la sortie 2A et conduisez tout droit sur la rue Principale au # 205 \u00e0 droite.<\/p>\n<p><strong>\u00c0 partir de l&rsquo;autoroute 15<\/strong> &#8211; Prenez la sortie 31B et ensuite la sortie 1 et conduisez tout droit sur la rue Principale au # 205 \u00e0 droite<\/p>\n","protected":false},"excerpt":{"rendered":"<p>Camping Parasol, Shediac N.-B. &#8211; Comment s&rsquo;y rendre Situ\u00e9 \u00e0 cinq minutes \u00e0 pied du centre-ville, notre&nbsp;emplacement pratique vous donne acc\u00e8s \u00e0 plusieurs boutiques, restaurants, \u00e9piceries et quincailleries, ainsi qu&rsquo;\u00e0 une piste cyclable qui m\u00e8ne jusqu&rsquo;\u00e0 la fameuse plage Parlee. \u00c0 proximit\u00e9 du camping se trouve \u00e9galement le centre d&rsquo;information aux visiteurs et la sculpture [&hellip;]<\/p>\n","protected":false},"author":1,"featured_media":0,"parent":0,"menu_order":0,"comment_status":"closed","ping_status":"open","template":"","meta":{"footnotes":""},"class_list":["post-46","page","type-page","status-publish","hentry"],"yoast_head":"<!-- This site is optimized with the Yoast SEO plugin v27.5 - https:\/\/yoast.com\/product\/yoast-seo-wordpress\/ -->\n<title>Location - Camping Parasol<\/title>\n<meta name=\"robots\" content=\"index, follow, max-snippet:-1, max-image-preview:large, max-video-preview:-1\" \/>\n<link rel=\"canonical\" href=\"https:\/\/www.campingparasol.ca\/fr\/camping-parasol-shediac\/\" \/>\n<meta property=\"og:locale\" content=\"fr_FR\" \/>\n<meta property=\"og:type\" content=\"article\" \/>\n<meta property=\"og:title\" content=\"Location - Camping Parasol\" \/>\n<meta property=\"og:description\" content=\"Camping Parasol, Shediac N.-B. &#8211; Comment s&rsquo;y rendre Situ\u00e9 \u00e0 cinq minutes \u00e0 pied du centre-ville, notre&nbsp;emplacement pratique vous donne acc\u00e8s \u00e0 plusieurs boutiques, restaurants, \u00e9piceries et quincailleries, ainsi qu&rsquo;\u00e0 une piste cyclable qui m\u00e8ne jusqu&rsquo;\u00e0 la fameuse plage Parlee. \u00c0 proximit\u00e9 du camping se trouve \u00e9galement le centre d&rsquo;information aux visiteurs et la sculpture [&hellip;]\" \/>\n<meta property=\"og:url\" content=\"https:\/\/www.campingparasol.ca\/fr\/camping-parasol-shediac\/\" \/>\n<meta property=\"og:site_name\" content=\"Camping Parasol\" \/>\n<meta property=\"article:modified_time\" content=\"2019-03-01T03:43:20+00:00\" \/>\n<meta property=\"og:image\" content=\"https:\/\/www.campingparasol.ca\/wp-content\/uploads\/2013\/05\/Image-12-300x225.jpg\" \/>\n<meta name=\"twitter:label1\" content=\"Dur\u00e9e de lecture estim\u00e9e\" \/>\n\t<meta name=\"twitter:data1\" content=\"1 minute\" \/>\n<script type=\"application\/ld+json\" class=\"yoast-schema-graph\">{\"@context\":\"https:\\\/\\\/schema.org\",\"@graph\":[{\"@type\":\"WebPage\",\"@id\":\"https:\\\/\\\/www.campingparasol.ca\\\/fr\\\/camping-parasol-shediac\\\/\",\"url\":\"https:\\\/\\\/www.campingparasol.ca\\\/fr\\\/camping-parasol-shediac\\\/\",\"name\":\"Location - Camping Parasol\",\"isPartOf\":{\"@id\":\"https:\\\/\\\/www.campingparasol.ca\\\/#website\"},\"primaryImageOfPage\":{\"@id\":\"https:\\\/\\\/www.campingparasol.ca\\\/fr\\\/camping-parasol-shediac\\\/#primaryimage\"},\"image\":{\"@id\":\"https:\\\/\\\/www.campingparasol.ca\\\/fr\\\/camping-parasol-shediac\\\/#primaryimage\"},\"thumbnailUrl\":\"https:\\\/\\\/www.campingparasol.ca\\\/wp-content\\\/uploads\\\/2013\\\/05\\\/Image-12-300x225.jpg\",\"datePublished\":\"2013-05-09T18:49:42+00:00\",\"dateModified\":\"2019-03-01T03:43:20+00:00\",\"inLanguage\":\"fr-FR\",\"potentialAction\":[{\"@type\":\"ReadAction\",\"target\":[\"https:\\\/\\\/www.campingparasol.ca\\\/fr\\\/camping-parasol-shediac\\\/\"]}]},{\"@type\":\"ImageObject\",\"inLanguage\":\"fr-FR\",\"@id\":\"https:\\\/\\\/www.campingparasol.ca\\\/fr\\\/camping-parasol-shediac\\\/#primaryimage\",\"url\":\"https:\\\/\\\/www.campingparasol.ca\\\/wp-content\\\/uploads\\\/2013\\\/05\\\/Image-12-300x225.jpg\",\"contentUrl\":\"https:\\\/\\\/www.campingparasol.ca\\\/wp-content\\\/uploads\\\/2013\\\/05\\\/Image-12-300x225.jpg\"},{\"@type\":\"WebSite\",\"@id\":\"https:\\\/\\\/www.campingparasol.ca\\\/#website\",\"url\":\"https:\\\/\\\/www.campingparasol.ca\\\/\",\"name\":\"Camping Parasol\",\"description\":\"Un accueil amical vous attend \u00e0 Shediac\",\"potentialAction\":[{\"@type\":\"SearchAction\",\"target\":{\"@type\":\"EntryPoint\",\"urlTemplate\":\"https:\\\/\\\/www.campingparasol.ca\\\/?s={search_term_string}\"},\"query-input\":{\"@type\":\"PropertyValueSpecification\",\"valueRequired\":true,\"valueName\":\"search_term_string\"}}],\"inLanguage\":\"fr-FR\"}]}<\/script>\n<!-- \/ Yoast SEO plugin. -->","yoast_head_json":{"title":"Location - Camping Parasol","robots":{"index":"index","follow":"follow","max-snippet":"max-snippet:-1","max-image-preview":"max-image-preview:large","max-video-preview":"max-video-preview:-1"},"canonical":"https:\/\/www.campingparasol.ca\/fr\/camping-parasol-shediac\/","og_locale":"fr_FR","og_type":"article","og_title":"Location - Camping Parasol","og_description":"Camping Parasol, Shediac N.-B. &#8211; Comment s&rsquo;y rendre Situ\u00e9 \u00e0 cinq minutes \u00e0 pied du centre-ville, notre&nbsp;emplacement pratique vous donne acc\u00e8s \u00e0 plusieurs boutiques, restaurants, \u00e9piceries et quincailleries, ainsi qu&rsquo;\u00e0 une piste cyclable qui m\u00e8ne jusqu&rsquo;\u00e0 la fameuse plage Parlee. \u00c0 proximit\u00e9 du camping se trouve \u00e9galement le centre d&rsquo;information aux visiteurs et la sculpture [&hellip;]","og_url":"https:\/\/www.campingparasol.ca\/fr\/camping-parasol-shediac\/","og_site_name":"Camping Parasol","article_modified_time":"2019-03-01T03:43:20+00:00","og_image":[{"url":"https:\/\/www.campingparasol.ca\/wp-content\/uploads\/2013\/05\/Image-12-300x225.jpg","type":"","width":"","height":""}],"twitter_misc":{"Dur\u00e9e de lecture estim\u00e9e":"1 minute"},"schema":{"@context":"https:\/\/schema.org","@graph":[{"@type":"WebPage","@id":"https:\/\/www.campingparasol.ca\/fr\/camping-parasol-shediac\/","url":"https:\/\/www.campingparasol.ca\/fr\/camping-parasol-shediac\/","name":"Location - Camping Parasol","isPartOf":{"@id":"https:\/\/www.campingparasol.ca\/#website"},"primaryImageOfPage":{"@id":"https:\/\/www.campingparasol.ca\/fr\/camping-parasol-shediac\/#primaryimage"},"image":{"@id":"https:\/\/www.campingparasol.ca\/fr\/camping-parasol-shediac\/#primaryimage"},"thumbnailUrl":"https:\/\/www.campingparasol.ca\/wp-content\/uploads\/2013\/05\/Image-12-300x225.jpg","datePublished":"2013-05-09T18:49:42+00:00","dateModified":"2019-03-01T03:43:20+00:00","inLanguage":"fr-FR","potentialAction":[{"@type":"ReadAction","target":["https:\/\/www.campingparasol.ca\/fr\/camping-parasol-shediac\/"]}]},{"@type":"ImageObject","inLanguage":"fr-FR","@id":"https:\/\/www.campingparasol.ca\/fr\/camping-parasol-shediac\/#primaryimage","url":"https:\/\/www.campingparasol.ca\/wp-content\/uploads\/2013\/05\/Image-12-300x225.jpg","contentUrl":"https:\/\/www.campingparasol.ca\/wp-content\/uploads\/2013\/05\/Image-12-300x225.jpg"},{"@type":"WebSite","@id":"https:\/\/www.campingparasol.ca\/#website","url":"https:\/\/www.campingparasol.ca\/","name":"Camping Parasol","description":"Un accueil amical vous attend \u00e0 Shediac","potentialAction":[{"@type":"SearchAction","target":{"@type":"EntryPoint","urlTemplate":"https:\/\/www.campingparasol.ca\/?s={search_term_string}"},"query-input":{"@type":"PropertyValueSpecification","valueRequired":true,"valueName":"search_term_string"}}],"inLanguage":"fr-FR"}]}},"_links":{"self":[{"href":"https:\/\/www.campingparasol.ca\/fr\/wp-json\/wp\/v2\/pages\/46","targetHints":{"allow":["GET"]}}],"collection":[{"href":"https:\/\/www.campingparasol.ca\/fr\/wp-json\/wp\/v2\/pages"}],"about":[{"href":"https:\/\/www.campingparasol.ca\/fr\/wp-json\/wp\/v2\/types\/page"}],"author":[{"embeddable":true,"href":"https:\/\/www.campingparasol.ca\/fr\/wp-json\/wp\/v2\/users\/1"}],"replies":[{"embeddable":true,"href":"https:\/\/www.campingparasol.ca\/fr\/wp-json\/wp\/v2\/comments?post=46"}],"version-history":[{"count":5,"href":"https:\/\/www.campingparasol.ca\/fr\/wp-json\/wp\/v2\/pages\/46\/revisions"}],"predecessor-version":[{"id":301,"href":"https:\/\/www.campingparasol.ca\/fr\/wp-json\/wp\/v2\/pages\/46\/revisions\/301"}],"wp:attachment":[{"href":"https:\/\/www.campingparasol.ca\/fr\/wp-json\/wp\/v2\/media?parent=46"}],"curies":[{"name":"wp","href":"https:\/\/api.w.org\/{rel}","templated":true}]}}