{"id":40,"date":"2013-05-09T18:29:57","date_gmt":"2013-05-09T18:29:57","guid":{"rendered":"http:\/\/campingparasol.ca\/?page_id=40"},"modified":"2013-07-18T15:35:08","modified_gmt":"2013-07-18T20:35:08","slug":"a-propos","status":"publish","type":"page","link":"https:\/\/www.campingparasol.ca\/fr\/a-propos\/","title":{"rendered":"\u00c0 propos"},"content":{"rendered":"<h1>Faites comme chez-vous!<\/h1>\n<p><!-- (Photo de JC) --><\/p>\n<div id=\"attachment_258\" style=\"width: 310px\" class=\"wp-caption alignright\"><a href=\"https:\/\/www.campingparasol.ca\/wp-content\/uploads\/2013\/05\/Image-16.jpg\"><img loading=\"lazy\" decoding=\"async\" aria-describedby=\"caption-attachment-258\" class=\"size-medium wp-image-258 \" alt=\"F\u00eate du Canada 2013\" src=\"https:\/\/www.campingparasol.ca\/wp-content\/uploads\/2013\/05\/Image-16-300x225.jpg\" width=\"300\" height=\"225\" srcset=\"https:\/\/www.campingparasol.ca\/wp-content\/uploads\/2013\/05\/Image-16-300x225.jpg 300w, https:\/\/www.campingparasol.ca\/wp-content\/uploads\/2013\/05\/Image-16.jpg 320w\" sizes=\"auto, (max-width: 300px) 100vw, 300px\" \/><\/a><p id=\"caption-attachment-258\" class=\"wp-caption-text\">F\u00eate du Canada 2013<\/p><\/div>\n<p>Au Camping Parasol, vous serez accueillis dans une ambiance familiale et chaleureuse. Au service de leurs clients depuis 1997, Jean-Claude et Jocelyne, les propri\u00e9taires actuels, vous assurent une exp\u00e9rience m\u00e9morable en prenant le temps de r\u00e9pondre \u00e0 vos besoins particuliers.<\/p>\n<p>Leur disponibilit\u00e9 et approche amicale vous permettront de faire comme chez vous et de vous d\u00e9tendre sans soucis, tout en profitant des petits plaisirs de vos vacances.<\/p>\n<p>&nbsp;<\/p>\n<div id=\"attachment_222\" style=\"width: 310px\" class=\"wp-caption alignnone\"><a href=\"https:\/\/www.campingparasol.ca\/wp-content\/uploads\/2013\/05\/camping-parasol-merit-award.jpg\"><img loading=\"lazy\" decoding=\"async\" aria-describedby=\"caption-attachment-222\" class=\"size-medium wp-image-222 \" alt=\"Camping Parasol a re\u00e7u un Prix d'Excellence de la province du Nouveau-Brunswick en 2007.\" src=\"https:\/\/www.campingparasol.ca\/wp-content\/uploads\/2013\/05\/camping-parasol-merit-award-300x228.jpg\" width=\"300\" height=\"228\" srcset=\"https:\/\/www.campingparasol.ca\/wp-content\/uploads\/2013\/05\/camping-parasol-merit-award-300x228.jpg 300w, https:\/\/www.campingparasol.ca\/wp-content\/uploads\/2013\/05\/camping-parasol-merit-award-624x474.jpg 624w, https:\/\/www.campingparasol.ca\/wp-content\/uploads\/2013\/05\/camping-parasol-merit-award.jpg 1024w\" sizes=\"auto, (max-width: 300px) 100vw, 300px\" \/><\/a><p id=\"caption-attachment-222\" class=\"wp-caption-text\">Camping Parasol a re\u00e7u un Prix d&rsquo;Excellence de la province du Nouveau-Brunswick en 2007.<\/p><\/div>\n","protected":false},"excerpt":{"rendered":"<p>Faites comme chez-vous! Au Camping Parasol, vous serez accueillis dans une ambiance familiale et chaleureuse. Au service de leurs clients depuis 1997, Jean-Claude et Jocelyne, les propri\u00e9taires actuels, vous assurent une exp\u00e9rience m\u00e9morable en prenant le temps de r\u00e9pondre \u00e0 vos besoins particuliers. Leur disponibilit\u00e9 et approche amicale vous permettront de faire comme chez vous [&hellip;]<\/p>\n","protected":false},"author":1,"featured_media":0,"parent":0,"menu_order":0,"comment_status":"closed","ping_status":"open","template":"","meta":{"footnotes":""},"class_list":["post-40","page","type-page","status-publish","hentry"],"yoast_head":"<!-- This site is optimized with the Yoast SEO plugin v27.3 - https:\/\/yoast.com\/product\/yoast-seo-wordpress\/ -->\n<title>\u00c0 propos - Camping Parasol<\/title>\n<meta name=\"robots\" content=\"index, follow, max-snippet:-1, max-image-preview:large, max-video-preview:-1\" \/>\n<link rel=\"canonical\" href=\"https:\/\/www.campingparasol.ca\/fr\/a-propos\/\" \/>\n<meta property=\"og:locale\" content=\"fr_FR\" \/>\n<meta property=\"og:type\" content=\"article\" \/>\n<meta property=\"og:title\" content=\"\u00c0 propos - Camping Parasol\" \/>\n<meta property=\"og:description\" content=\"Faites comme chez-vous! Au Camping Parasol, vous serez accueillis dans une ambiance familiale et chaleureuse. Au service de leurs clients depuis 1997, Jean-Claude et Jocelyne, les propri\u00e9taires actuels, vous assurent une exp\u00e9rience m\u00e9morable en prenant le temps de r\u00e9pondre \u00e0 vos besoins particuliers. Leur disponibilit\u00e9 et approche amicale vous permettront de faire comme chez vous [&hellip;]\" \/>\n<meta property=\"og:url\" content=\"https:\/\/www.campingparasol.ca\/fr\/a-propos\/\" \/>\n<meta property=\"og:site_name\" content=\"Camping Parasol\" \/>\n<meta property=\"article:modified_time\" content=\"2013-07-18T20:35:08+00:00\" \/>\n<meta property=\"og:image\" content=\"https:\/\/www.campingparasol.ca\/wp-content\/uploads\/2013\/05\/Image-16-300x225.jpg\" \/>\n<meta name=\"twitter:label1\" content=\"Dur\u00e9e de lecture estim\u00e9e\" \/>\n\t<meta name=\"twitter:data1\" content=\"1 minute\" \/>\n<script type=\"application\/ld+json\" class=\"yoast-schema-graph\">{\"@context\":\"https:\\\/\\\/schema.org\",\"@graph\":[{\"@type\":\"WebPage\",\"@id\":\"https:\\\/\\\/www.campingparasol.ca\\\/fr\\\/a-propos\\\/\",\"url\":\"https:\\\/\\\/www.campingparasol.ca\\\/fr\\\/a-propos\\\/\",\"name\":\"\u00c0 propos - Camping Parasol\",\"isPartOf\":{\"@id\":\"https:\\\/\\\/www.campingparasol.ca\\\/#website\"},\"primaryImageOfPage\":{\"@id\":\"https:\\\/\\\/www.campingparasol.ca\\\/fr\\\/a-propos\\\/#primaryimage\"},\"image\":{\"@id\":\"https:\\\/\\\/www.campingparasol.ca\\\/fr\\\/a-propos\\\/#primaryimage\"},\"thumbnailUrl\":\"https:\\\/\\\/www.campingparasol.ca\\\/wp-content\\\/uploads\\\/2013\\\/05\\\/Image-16-300x225.jpg\",\"datePublished\":\"2013-05-09T18:29:57+00:00\",\"dateModified\":\"2013-07-18T20:35:08+00:00\",\"inLanguage\":\"fr-FR\",\"potentialAction\":[{\"@type\":\"ReadAction\",\"target\":[\"https:\\\/\\\/www.campingparasol.ca\\\/fr\\\/a-propos\\\/\"]}]},{\"@type\":\"ImageObject\",\"inLanguage\":\"fr-FR\",\"@id\":\"https:\\\/\\\/www.campingparasol.ca\\\/fr\\\/a-propos\\\/#primaryimage\",\"url\":\"https:\\\/\\\/www.campingparasol.ca\\\/wp-content\\\/uploads\\\/2013\\\/05\\\/Image-16-300x225.jpg\",\"contentUrl\":\"https:\\\/\\\/www.campingparasol.ca\\\/wp-content\\\/uploads\\\/2013\\\/05\\\/Image-16-300x225.jpg\"},{\"@type\":\"WebSite\",\"@id\":\"https:\\\/\\\/www.campingparasol.ca\\\/#website\",\"url\":\"https:\\\/\\\/www.campingparasol.ca\\\/\",\"name\":\"Camping Parasol\",\"description\":\"Un accueil amical vous attend \u00e0 Shediac\",\"potentialAction\":[{\"@type\":\"SearchAction\",\"target\":{\"@type\":\"EntryPoint\",\"urlTemplate\":\"https:\\\/\\\/www.campingparasol.ca\\\/?s={search_term_string}\"},\"query-input\":{\"@type\":\"PropertyValueSpecification\",\"valueRequired\":true,\"valueName\":\"search_term_string\"}}],\"inLanguage\":\"fr-FR\"}]}<\/script>\n<!-- \/ Yoast SEO plugin. -->","yoast_head_json":{"title":"\u00c0 propos - Camping Parasol","robots":{"index":"index","follow":"follow","max-snippet":"max-snippet:-1","max-image-preview":"max-image-preview:large","max-video-preview":"max-video-preview:-1"},"canonical":"https:\/\/www.campingparasol.ca\/fr\/a-propos\/","og_locale":"fr_FR","og_type":"article","og_title":"\u00c0 propos - Camping Parasol","og_description":"Faites comme chez-vous! Au Camping Parasol, vous serez accueillis dans une ambiance familiale et chaleureuse. Au service de leurs clients depuis 1997, Jean-Claude et Jocelyne, les propri\u00e9taires actuels, vous assurent une exp\u00e9rience m\u00e9morable en prenant le temps de r\u00e9pondre \u00e0 vos besoins particuliers. Leur disponibilit\u00e9 et approche amicale vous permettront de faire comme chez vous [&hellip;]","og_url":"https:\/\/www.campingparasol.ca\/fr\/a-propos\/","og_site_name":"Camping Parasol","article_modified_time":"2013-07-18T20:35:08+00:00","og_image":[{"url":"https:\/\/www.campingparasol.ca\/wp-content\/uploads\/2013\/05\/Image-16-300x225.jpg","type":"","width":"","height":""}],"twitter_misc":{"Dur\u00e9e de lecture estim\u00e9e":"1 minute"},"schema":{"@context":"https:\/\/schema.org","@graph":[{"@type":"WebPage","@id":"https:\/\/www.campingparasol.ca\/fr\/a-propos\/","url":"https:\/\/www.campingparasol.ca\/fr\/a-propos\/","name":"\u00c0 propos - Camping Parasol","isPartOf":{"@id":"https:\/\/www.campingparasol.ca\/#website"},"primaryImageOfPage":{"@id":"https:\/\/www.campingparasol.ca\/fr\/a-propos\/#primaryimage"},"image":{"@id":"https:\/\/www.campingparasol.ca\/fr\/a-propos\/#primaryimage"},"thumbnailUrl":"https:\/\/www.campingparasol.ca\/wp-content\/uploads\/2013\/05\/Image-16-300x225.jpg","datePublished":"2013-05-09T18:29:57+00:00","dateModified":"2013-07-18T20:35:08+00:00","inLanguage":"fr-FR","potentialAction":[{"@type":"ReadAction","target":["https:\/\/www.campingparasol.ca\/fr\/a-propos\/"]}]},{"@type":"ImageObject","inLanguage":"fr-FR","@id":"https:\/\/www.campingparasol.ca\/fr\/a-propos\/#primaryimage","url":"https:\/\/www.campingparasol.ca\/wp-content\/uploads\/2013\/05\/Image-16-300x225.jpg","contentUrl":"https:\/\/www.campingparasol.ca\/wp-content\/uploads\/2013\/05\/Image-16-300x225.jpg"},{"@type":"WebSite","@id":"https:\/\/www.campingparasol.ca\/#website","url":"https:\/\/www.campingparasol.ca\/","name":"Camping Parasol","description":"Un accueil amical vous attend \u00e0 Shediac","potentialAction":[{"@type":"SearchAction","target":{"@type":"EntryPoint","urlTemplate":"https:\/\/www.campingparasol.ca\/?s={search_term_string}"},"query-input":{"@type":"PropertyValueSpecification","valueRequired":true,"valueName":"search_term_string"}}],"inLanguage":"fr-FR"}]}},"_links":{"self":[{"href":"https:\/\/www.campingparasol.ca\/fr\/wp-json\/wp\/v2\/pages\/40","targetHints":{"allow":["GET"]}}],"collection":[{"href":"https:\/\/www.campingparasol.ca\/fr\/wp-json\/wp\/v2\/pages"}],"about":[{"href":"https:\/\/www.campingparasol.ca\/fr\/wp-json\/wp\/v2\/types\/page"}],"author":[{"embeddable":true,"href":"https:\/\/www.campingparasol.ca\/fr\/wp-json\/wp\/v2\/users\/1"}],"replies":[{"embeddable":true,"href":"https:\/\/www.campingparasol.ca\/fr\/wp-json\/wp\/v2\/comments?post=40"}],"version-history":[{"count":5,"href":"https:\/\/www.campingparasol.ca\/fr\/wp-json\/wp\/v2\/pages\/40\/revisions"}],"predecessor-version":[{"id":42,"href":"https:\/\/www.campingparasol.ca\/fr\/wp-json\/wp\/v2\/pages\/40\/revisions\/42"}],"wp:attachment":[{"href":"https:\/\/www.campingparasol.ca\/fr\/wp-json\/wp\/v2\/media?parent=40"}],"curies":[{"name":"wp","href":"https:\/\/api.w.org\/{rel}","templated":true}]}}