{"id":30,"date":"2013-05-09T16:57:07","date_gmt":"2013-05-09T16:57:07","guid":{"rendered":"http:\/\/campingparasol.ca\/?page_id=30"},"modified":"2025-08-10T07:45:14","modified_gmt":"2025-08-10T12:45:14","slug":"accueil","status":"publish","type":"page","link":"https:\/\/www.campingparasol.ca\/fr\/","title":{"rendered":"Accueil"},"content":{"rendered":"\n<h1 class=\"wp-block-heading\">Bienvenue au Camping Parasol<\/h1>\n\n\n\n<div class=\"wp-block-cover is-light\"><img loading=\"lazy\" decoding=\"async\" width=\"1308\" height=\"659\" class=\"wp-block-cover__image-background wp-image-1033 size-full\" alt=\"\" src=\"https:\/\/www.campingparasol.ca\/wp-content\/uploads\/2025\/07\/Screenshot-2025-07-10-185337.png\" data-object-fit=\"cover\" srcset=\"https:\/\/www.campingparasol.ca\/wp-content\/uploads\/2025\/07\/Screenshot-2025-07-10-185337.png 1308w, https:\/\/www.campingparasol.ca\/wp-content\/uploads\/2025\/07\/Screenshot-2025-07-10-185337-300x151.png 300w, https:\/\/www.campingparasol.ca\/wp-content\/uploads\/2025\/07\/Screenshot-2025-07-10-185337-1024x516.png 1024w, https:\/\/www.campingparasol.ca\/wp-content\/uploads\/2025\/07\/Screenshot-2025-07-10-185337-768x387.png 768w, https:\/\/www.campingparasol.ca\/wp-content\/uploads\/2025\/07\/Screenshot-2025-07-10-185337-624x314.png 624w\" sizes=\"auto, (max-width: 1308px) 100vw, 1308px\" \/><span aria-hidden=\"true\" class=\"wp-block-cover__background has-background-dim\" style=\"background-color:#6f84a4\"><\/span><div class=\"wp-block-cover__inner-container is-layout-constrained wp-block-cover-is-layout-constrained\">\n<h2 class=\"wp-block-heading has-text-align-center has-white-color has-text-color has-link-color wp-elements-0608f82c817e85bf7b2a5786220bb0aa\">Camping Parasol, en plein coeur de Sh\u00e9diac<\/h2>\n\n\n\n<div class=\"wp-block-buttons is-content-justification-center is-layout-flex wp-container-core-buttons-is-layout-16018d1d wp-block-buttons-is-layout-flex\">\n<div class=\"wp-block-button has-custom-width wp-block-button__width-75 book-now is-style-outline is-style-outline--1\"><a class=\"wp-block-button__link has-white-color has-blue-background-color has-text-color has-background has-link-color has-medium-font-size has-custom-font-size wp-element-button\" href=\"https:\/\/app.fireflyreservations.com\/reserve\/property\/CampingParasol\">R\u00e9servez maintenant<\/a><\/div>\n<\/div>\n<\/div><\/div>\n\n\n\n<p>Nous sommes situ\u00e9s en plein coeur de la ville de Sh\u00e9diac, une destination touristique reconnue pour l&rsquo;hospitalit\u00e9 chaleureuse de ses gens. En affaires depuis 1997, le Camping Parasol a su se b\u00e2tir une fi\u00e8re r\u00e9putation de camping familial, o\u00f9 le bon temps et la convivialit\u00e9 cohabitent avec le calme de la petite baie qui borde son terrain.<\/p>\n\n\n<div class=\"wp-block-image docs-creator\">\n<figure class=\"alignright\"><a class=\"docs-creator\" href=\"https:\/\/www.campingparasol.ca\/wp-content\/uploads\/2013\/05\/Image-9.jpg\"><img loading=\"lazy\" decoding=\"async\" width=\"300\" height=\"176\" src=\"https:\/\/www.campingparasol.ca\/wp-content\/uploads\/2013\/05\/Image-9-300x176.jpg\" alt=\"Rampe de mise \u00e0 l\u2019eau pour petits bateaux \" class=\"wp-image-254\" srcset=\"https:\/\/www.campingparasol.ca\/wp-content\/uploads\/2013\/05\/Image-9-300x176.jpg 300w, https:\/\/www.campingparasol.ca\/wp-content\/uploads\/2013\/05\/Image-9-624x367.jpg 624w, https:\/\/www.campingparasol.ca\/wp-content\/uploads\/2013\/05\/Image-9.jpg 960w\" sizes=\"auto, (max-width: 300px) 100vw, 300px\" \/><\/a><figcaption class=\"wp-element-caption\">Rampe de mise \u00e0 l\u2019eau pour petits bateaux<\/figcaption><\/figure>\n<\/div>\n\n\n<p>Notre client\u00e8le est compos\u00e9e de gens de la r\u00e9gion et de touristes venus de partout, qui recherchent la tranquillit\u00e9 et les activit\u00e9s et loisirs individuels ou en groupe.<\/p>\n\n\n\n<p>Que ce soit pour un s\u00e9jour de quelques jours ou de quelques semaines, vous passerez des vacances m\u00e9morables dans une ambiance d\u00e9tendue et amicale, o\u00f9 les plaisirs de l&rsquo;\u00e9t\u00e9 sont au rendez-vous.<\/p>\n","protected":false},"excerpt":{"rendered":"<p>Bienvenue au Camping Parasol Nous sommes situ\u00e9s en plein coeur de la ville de Sh\u00e9diac, une destination touristique reconnue pour l&rsquo;hospitalit\u00e9 chaleureuse de ses gens. En affaires depuis 1997, le Camping Parasol a su se b\u00e2tir une fi\u00e8re r\u00e9putation de camping familial, o\u00f9 le bon temps et la convivialit\u00e9 cohabitent avec le calme de la [&hellip;]<\/p>\n","protected":false},"author":1,"featured_media":0,"parent":0,"menu_order":0,"comment_status":"closed","ping_status":"open","template":"","meta":{"footnotes":""},"class_list":["post-30","page","type-page","status-publish","hentry"],"yoast_head":"<!-- This site is optimized with the Yoast SEO plugin v27.5 - https:\/\/yoast.com\/product\/yoast-seo-wordpress\/ -->\n<title>Camping Parasol \u00e0 Shediac, N-B<\/title>\n<meta name=\"robots\" content=\"index, follow, max-snippet:-1, max-image-preview:large, max-video-preview:-1\" \/>\n<link rel=\"canonical\" href=\"https:\/\/www.campingparasol.ca\/fr\/\" \/>\n<meta property=\"og:locale\" content=\"fr_FR\" \/>\n<meta property=\"og:type\" content=\"article\" \/>\n<meta property=\"og:title\" content=\"Camping Parasol \u00e0 Shediac, N-B\" \/>\n<meta property=\"og:description\" content=\"Bienvenue au Camping Parasol Nous sommes situ\u00e9s en plein coeur de la ville de Sh\u00e9diac, une destination touristique reconnue pour l&rsquo;hospitalit\u00e9 chaleureuse de ses gens. En affaires depuis 1997, le Camping Parasol a su se b\u00e2tir une fi\u00e8re r\u00e9putation de camping familial, o\u00f9 le bon temps et la convivialit\u00e9 cohabitent avec le calme de la [&hellip;]\" \/>\n<meta property=\"og:url\" content=\"https:\/\/www.campingparasol.ca\/fr\/\" \/>\n<meta property=\"og:site_name\" content=\"Camping Parasol\" \/>\n<meta property=\"article:modified_time\" content=\"2025-08-10T12:45:14+00:00\" \/>\n<meta property=\"og:image\" content=\"https:\/\/www.campingparasol.ca\/wp-content\/uploads\/2025\/07\/Screenshot-2025-07-10-185337.png\" \/>\n\t<meta property=\"og:image:width\" content=\"1308\" \/>\n\t<meta property=\"og:image:height\" content=\"659\" \/>\n\t<meta property=\"og:image:type\" content=\"image\/png\" \/>\n<meta name=\"twitter:label1\" content=\"Dur\u00e9e de lecture estim\u00e9e\" \/>\n\t<meta name=\"twitter:data1\" content=\"2 minutes\" \/>\n<script type=\"application\/ld+json\" class=\"yoast-schema-graph\">{\"@context\":\"https:\\\/\\\/schema.org\",\"@graph\":[{\"@type\":\"WebPage\",\"@id\":\"https:\\\/\\\/www.campingparasol.ca\\\/fr\\\/\",\"url\":\"https:\\\/\\\/www.campingparasol.ca\\\/fr\\\/\",\"name\":\"Camping Parasol \u00e0 Shediac, N-B\",\"isPartOf\":{\"@id\":\"https:\\\/\\\/www.campingparasol.ca\\\/#website\"},\"primaryImageOfPage\":{\"@id\":\"https:\\\/\\\/www.campingparasol.ca\\\/fr\\\/#primaryimage\"},\"image\":{\"@id\":\"https:\\\/\\\/www.campingparasol.ca\\\/fr\\\/#primaryimage\"},\"thumbnailUrl\":\"https:\\\/\\\/www.campingparasol.ca\\\/wp-content\\\/uploads\\\/2025\\\/07\\\/Screenshot-2025-07-10-185337.png\",\"datePublished\":\"2013-05-09T16:57:07+00:00\",\"dateModified\":\"2025-08-10T12:45:14+00:00\",\"inLanguage\":\"fr-FR\",\"potentialAction\":[{\"@type\":\"ReadAction\",\"target\":[\"https:\\\/\\\/www.campingparasol.ca\\\/fr\\\/\"]}]},{\"@type\":\"ImageObject\",\"inLanguage\":\"fr-FR\",\"@id\":\"https:\\\/\\\/www.campingparasol.ca\\\/fr\\\/#primaryimage\",\"url\":\"https:\\\/\\\/www.campingparasol.ca\\\/wp-content\\\/uploads\\\/2025\\\/07\\\/Screenshot-2025-07-10-185337.png\",\"contentUrl\":\"https:\\\/\\\/www.campingparasol.ca\\\/wp-content\\\/uploads\\\/2025\\\/07\\\/Screenshot-2025-07-10-185337.png\"},{\"@type\":\"WebSite\",\"@id\":\"https:\\\/\\\/www.campingparasol.ca\\\/#website\",\"url\":\"https:\\\/\\\/www.campingparasol.ca\\\/\",\"name\":\"Camping Parasol\",\"description\":\"Un accueil amical vous attend \u00e0 Shediac\",\"potentialAction\":[{\"@type\":\"SearchAction\",\"target\":{\"@type\":\"EntryPoint\",\"urlTemplate\":\"https:\\\/\\\/www.campingparasol.ca\\\/?s={search_term_string}\"},\"query-input\":{\"@type\":\"PropertyValueSpecification\",\"valueRequired\":true,\"valueName\":\"search_term_string\"}}],\"inLanguage\":\"fr-FR\"}]}<\/script>\n<!-- \/ Yoast SEO plugin. -->","yoast_head_json":{"title":"Camping Parasol \u00e0 Shediac, N-B","robots":{"index":"index","follow":"follow","max-snippet":"max-snippet:-1","max-image-preview":"max-image-preview:large","max-video-preview":"max-video-preview:-1"},"canonical":"https:\/\/www.campingparasol.ca\/fr\/","og_locale":"fr_FR","og_type":"article","og_title":"Camping Parasol \u00e0 Shediac, N-B","og_description":"Bienvenue au Camping Parasol Nous sommes situ\u00e9s en plein coeur de la ville de Sh\u00e9diac, une destination touristique reconnue pour l&rsquo;hospitalit\u00e9 chaleureuse de ses gens. En affaires depuis 1997, le Camping Parasol a su se b\u00e2tir une fi\u00e8re r\u00e9putation de camping familial, o\u00f9 le bon temps et la convivialit\u00e9 cohabitent avec le calme de la [&hellip;]","og_url":"https:\/\/www.campingparasol.ca\/fr\/","og_site_name":"Camping Parasol","article_modified_time":"2025-08-10T12:45:14+00:00","og_image":[{"width":1308,"height":659,"url":"https:\/\/www.campingparasol.ca\/wp-content\/uploads\/2025\/07\/Screenshot-2025-07-10-185337.png","type":"image\/png"}],"twitter_misc":{"Dur\u00e9e de lecture estim\u00e9e":"2 minutes"},"schema":{"@context":"https:\/\/schema.org","@graph":[{"@type":"WebPage","@id":"https:\/\/www.campingparasol.ca\/fr\/","url":"https:\/\/www.campingparasol.ca\/fr\/","name":"Camping Parasol \u00e0 Shediac, N-B","isPartOf":{"@id":"https:\/\/www.campingparasol.ca\/#website"},"primaryImageOfPage":{"@id":"https:\/\/www.campingparasol.ca\/fr\/#primaryimage"},"image":{"@id":"https:\/\/www.campingparasol.ca\/fr\/#primaryimage"},"thumbnailUrl":"https:\/\/www.campingparasol.ca\/wp-content\/uploads\/2025\/07\/Screenshot-2025-07-10-185337.png","datePublished":"2013-05-09T16:57:07+00:00","dateModified":"2025-08-10T12:45:14+00:00","inLanguage":"fr-FR","potentialAction":[{"@type":"ReadAction","target":["https:\/\/www.campingparasol.ca\/fr\/"]}]},{"@type":"ImageObject","inLanguage":"fr-FR","@id":"https:\/\/www.campingparasol.ca\/fr\/#primaryimage","url":"https:\/\/www.campingparasol.ca\/wp-content\/uploads\/2025\/07\/Screenshot-2025-07-10-185337.png","contentUrl":"https:\/\/www.campingparasol.ca\/wp-content\/uploads\/2025\/07\/Screenshot-2025-07-10-185337.png"},{"@type":"WebSite","@id":"https:\/\/www.campingparasol.ca\/#website","url":"https:\/\/www.campingparasol.ca\/","name":"Camping Parasol","description":"Un accueil amical vous attend \u00e0 Shediac","potentialAction":[{"@type":"SearchAction","target":{"@type":"EntryPoint","urlTemplate":"https:\/\/www.campingparasol.ca\/?s={search_term_string}"},"query-input":{"@type":"PropertyValueSpecification","valueRequired":true,"valueName":"search_term_string"}}],"inLanguage":"fr-FR"}]}},"_links":{"self":[{"href":"https:\/\/www.campingparasol.ca\/fr\/wp-json\/wp\/v2\/pages\/30","targetHints":{"allow":["GET"]}}],"collection":[{"href":"https:\/\/www.campingparasol.ca\/fr\/wp-json\/wp\/v2\/pages"}],"about":[{"href":"https:\/\/www.campingparasol.ca\/fr\/wp-json\/wp\/v2\/types\/page"}],"author":[{"embeddable":true,"href":"https:\/\/www.campingparasol.ca\/fr\/wp-json\/wp\/v2\/users\/1"}],"replies":[{"embeddable":true,"href":"https:\/\/www.campingparasol.ca\/fr\/wp-json\/wp\/v2\/comments?post=30"}],"version-history":[{"count":5,"href":"https:\/\/www.campingparasol.ca\/fr\/wp-json\/wp\/v2\/pages\/30\/revisions"}],"predecessor-version":[{"id":1097,"href":"https:\/\/www.campingparasol.ca\/fr\/wp-json\/wp\/v2\/pages\/30\/revisions\/1097"}],"wp:attachment":[{"href":"https:\/\/www.campingparasol.ca\/fr\/wp-json\/wp\/v2\/media?parent=30"}],"curies":[{"name":"wp","href":"https:\/\/api.w.org\/{rel}","templated":true}]}}